{"id":1596,"date":"2025-10-29T06:54:10","date_gmt":"2025-10-29T04:54:10","guid":{"rendered":"https:\/\/nilanboutique.de\/?page_id=1596"},"modified":"2025-11-13T10:44:55","modified_gmt":"2025-11-13T08:44:55","slug":"terms-and-conditions","status":"publish","type":"page","link":"https:\/\/nilanboutique.de\/de\/terms-and-conditions\/","title":{"rendered":"terms-and-conditions"},"content":{"rendered":"\t\t<div data-elementor-type=\"wp-page\" data-elementor-id=\"1596\" class=\"elementor elementor-1596\">\n\t\t\t\t<div class=\"elementor-element elementor-element-96f3166 e-con-full e-flex e-con e-parent\" data-id=\"96f3166\" data-element_type=\"container\" data-e-type=\"container\">\n\t\t\t\t<div class=\"elementor-element elementor-element-c6332a3 elementor-widget elementor-widget-text-editor\" data-id=\"c6332a3\" data-element_type=\"widget\" data-e-type=\"widget\" data-widget_type=\"text-editor.default\">\n\t\t\t\t<div class=\"elementor-widget-container\">\n\t\t\t\t\t\t\t\t\t<p>Aktualisiert am: 28. Oktober 2025<\/p><p><strong>1. Allgemeine Informationen<\/strong><br \/>Diese Website (https:\/\/nilanboutique.de) wird betrieben von Nilan Boutique, eingetragen als Einzelunternehmen in Deutschland. Mit der Nutzung unserer Website und dem Kauf eines Produkts erkl\u00e4ren Sie sich mit diesen Allgemeinen Gesch\u00e4ftsbedingungen einverstanden.<\/p><p><strong>2. Produkte und Geltungsbereich<\/strong><br \/>Nilan Boutique ist eine E-Commerce-Plattform f\u00fcr Damenbekleidung. Der Verkauf und Versand erfolgt ausschlie\u00dflich innerhalb Deutschlands.<\/p><p><strong>3. Registrierung eines Kundenkontos<\/strong><br \/>F\u00fcr einen Einkauf auf unserer Website m\u00fcssen Sie ein Kundenkonto erstellen. Es besteht derzeit keine Altersbeschr\u00e4nkung f\u00fcr die Registrierung oder den Einkauf.<\/p><p><strong>4. Zahlungen<\/strong><br \/>Wir akzeptieren Zahlungen \u00fcber den PayPal-Zahlungsgateway. Akzeptiert werden: PayPal, VISA, MasterCard, American Express und Discover.<\/p><p><strong>5. Umtausch, R\u00fcckgabe und Erstattung<\/strong><br \/>Wir bieten Produktumtausch an, R\u00fcckgaben und Erstattungen sind jedoch ausgeschlossen. Alle Umtausche erfolgen vorbehaltlich der in Deutschland und ggf. in der Europ\u00e4ischen Union geltenden gesetzlichen Vorschriften.<\/p><p><strong>6. Geistiges Eigentum<\/strong><br \/>Alle Rechte vorbehalten. Alle Inhalte, Fotos, Designs und Bilder auf dieser Website sind ausschlie\u00dfliches Eigentum von Nilan Boutique. Es werden keine Fremdinhalte verwendet.<br \/>Das Kopieren, der Weiterverkauf, die Weitergabe oder die Nutzung unserer Produktfotos und Inhalte f\u00fcr kommerzielle Zwecke ohne schriftliche Genehmigung von Nilan Boutique ist streng untersagt.<\/p><p><strong>7. Personenbezogene Daten und Datenschutz<\/strong><br \/>Wir erheben zum Zwecke der Bestellabwicklung personenbezogene Daten wie Name, E-Mail-Adresse, Telefonnummer und Lieferadresse. Derzeit verwenden wir keine Analyse-Plugins.<br \/>Weitere Informationen zum Umgang mit Ihren Daten finden Sie in unserer Datenschutzerkl\u00e4rung.<\/p><p><strong>8. Nutzerverhalten<\/strong><br \/>Sie verpflichten sich, die Website und deren Inhalte nicht zu missbrauchen. Betr\u00fcgerische Handlungen, Missbrauch oder die Verletzung deutscher oder EU-Gesetze f\u00fchren zur sofortigen Kontosperrung und ggf. zu rechtlichen Schritten.<\/p><p><strong>9. Geltendes Recht<\/strong><br \/>Diese Allgemeinen Gesch\u00e4ftsbedingungen unterliegen dem Recht der Bundesrepublik Deutschland. Soweit zutreffend, finden die Verbraucherschutz- und E-Commerce-Vorschriften der Europ\u00e4ischen Union Anwendung.<\/p><p><strong>10. \u00c4nderungen und Aktualisierungen<\/strong><br \/>Diese Allgemeinen Gesch\u00e4ftsbedingungen k\u00f6nnen regelm\u00e4\u00dfig aktualisiert oder ge\u00e4ndert werden. \u00c4nderungen treten mit Ver\u00f6ffentlichung auf dieser Seite in Kraft. Bitte \u00fcberpr\u00fcfen Sie diese Seite regelm\u00e4\u00dfig. Die Methode zur Benachrichtigung \u00fcber Aktualisierungen wird noch festgelegt.<\/p><p><strong>Kontakt<\/strong><br \/>F\u00fcr Fragen zu diesen Allgemeinen Gesch\u00e4ftsbedingungen kontaktieren Sie uns bitte unter<\/p><p>Die Datenschutzerkl\u00e4rung finden Sie hier : <a href=\"https:\/\/nilanboutique.de\/privacy-policy\/\">https:\/\/nilanboutique.de\/privacy-policy\/<\/a><\/p>\t\t\t\t\t\t\t\t<\/div>\n\t\t\t\t<\/div>\n\t\t\t\t<div class=\"elementor-element elementor-element-11bed07 elementor-widget elementor-widget-heading\" data-id=\"11bed07\" data-element_type=\"widget\" data-e-type=\"widget\" data-widget_type=\"heading.default\">\n\t\t\t\t<div class=\"elementor-widget-container\">\n\t\t\t\t\t<h5 class=\"elementor-heading-title elementor-size-default\">English version:<\/h5>\t\t\t\t<\/div>\n\t\t\t\t<\/div>\n\t\t\t\t<div class=\"elementor-element elementor-element-2b2eb83 elementor-widget elementor-widget-text-editor\" data-id=\"2b2eb83\" data-element_type=\"widget\" data-e-type=\"widget\" data-widget_type=\"text-editor.default\">\n\t\t\t\t<div class=\"elementor-widget-container\">\n\t\t\t\t\t\t\t\t\t<p class=\"my-2 [&amp;+p]:mt-4 [&amp;_strong:has(+br)]:inline-block [&amp;_strong:has(+br)]:pb-2\"><em>Last updated: October 28, 2025<\/em><\/p><p class=\"my-2 [&amp;+p]:mt-4 [&amp;_strong:has(+br)]:inline-block [&amp;_strong:has(+br)]:pb-2\"><strong>1. General Information<\/strong><br \/>This website (<a class=\"reset interactable cursor-pointer decoration-1 underline-offset-1 text-super hover:underline font-semibold\" href=\"https:\/\/nilanboutique.de\/\" target=\"_blank\" rel=\"nofollow noopener\"><span class=\"text-box-trim-both\">https:\/\/nilanboutique.de<\/span><\/a>) is owned and operated by Nilan Boutique, registered as an Einzelunternehmen (sole proprietorship) in Germany. By using our website and making a purchase, you agree to comply with and be bound by these Terms and Conditions.<\/p><p class=\"my-2 [&amp;+p]:mt-4 [&amp;_strong:has(+br)]:inline-block [&amp;_strong:has(+br)]:pb-2\"><strong>2. Products and Scope<\/strong><br \/>Nilan Boutique is an e-commerce platform selling women\u2019s dresses. We currently only offer sales and shipping within Germany.<\/p><p class=\"my-2 [&amp;+p]:mt-4 [&amp;_strong:has(+br)]:inline-block [&amp;_strong:has(+br)]:pb-2\"><strong>3. Account Registration<\/strong><br \/>To purchase from our website, you must create a customer account. There is no minimum age required at this time for account registration or purchasing.<\/p><p class=\"my-2 [&amp;+p]:mt-4 [&amp;_strong:has(+br)]:inline-block [&amp;_strong:has(+br)]:pb-2\"><strong>4. Payments<\/strong><br \/>We accept payments via the PayPal gateway. This includes PayPal, VISA, MasterCard, American Express, and Discover.<\/p><p class=\"my-2 [&amp;+p]:mt-4 [&amp;_strong:has(+br)]:inline-block [&amp;_strong:has(+br)]:pb-2\"><strong>5. Exchanges, Returns, and Refunds<\/strong><br \/>We offer product exchanges but do not accept returns or provide refunds. All exchanges must be made in accordance with applicable laws and regulations in Germany and the European Union, where relevant.<\/p><p class=\"my-2 [&amp;+p]:mt-4 [&amp;_strong:has(+br)]:inline-block [&amp;_strong:has(+br)]:pb-2\"><strong>6. Intellectual Property<\/strong><br \/>All rights reserved. All content, photographs, designs, and images on this website are the exclusive property of Nilan Boutique. No third-party images or content are used.<br \/>You are strictly prohibited from copying, reselling, redistributing, or using our dress photos and content for commercial purposes without written permission from Nilan Boutique.<\/p><p class=\"my-2 [&amp;+p]:mt-4 [&amp;_strong:has(+br)]:inline-block [&amp;_strong:has(+br)]:pb-2\"><strong>7. Personal Data and Privacy<\/strong><br \/>We collect personal information necessary to process your orders, including your name, email address, phone number, and shipping address. At this time, we do not use analytics plugins.<br \/>For more information about how we handle your data, please refer to our Privacy Policy.<\/p><p class=\"my-2 [&amp;+p]:mt-4 [&amp;_strong:has(+br)]:inline-block [&amp;_strong:has(+br)]:pb-2\"><strong>8. User Conduct<\/strong><br \/>You agree not to misuse the website or its content. Fraudulent activities, abuse, or violations of any German or EU laws will result in immediate termination of your account and possible legal action.<\/p><p class=\"my-2 [&amp;+p]:mt-4 [&amp;_strong:has(+br)]:inline-block [&amp;_strong:has(+br)]:pb-2\"><strong>9. Governing Law<\/strong><br \/>These Terms and Conditions are governed by the laws of Germany. Where applicable, European Union consumer protection and e-commerce regulations will also apply.<\/p><p class=\"my-2 [&amp;+p]:mt-4 [&amp;_strong:has(+br)]:inline-block [&amp;_strong:has(+br)]:pb-2\"><strong>10. Amendments and Updates<\/strong><br \/>We may update or change these Terms and Conditions periodically. Changes will take effect once posted on this page. Please review this page regularly. The method of notification for updates will be determined in the future.<\/p><p class=\"my-2 [&amp;+p]:mt-4 [&amp;_strong:has(+br)]:inline-block [&amp;_strong:has(+br)]:pb-2\"><strong>Contact<\/strong><br \/>For questions about these Terms and Conditions, please contact us at\u00a0<\/p><p>Please find the Privacy Policy here: <a href=\"https:\/\/nilanboutique.de\/privacy-policy\/\">https:\/\/nilanboutique.de\/privacy-policy\/<\/a><\/p>\t\t\t\t\t\t\t\t<\/div>\n\t\t\t\t<\/div>\n\t\t\t\t<\/div>\n\t\t\t\t<\/div>\n\t\t","protected":false},"excerpt":{"rendered":"<p>Aktualisiert am: 28. Oktober 2025 1. Allgemeine InformationenDiese Website (https:\/\/nilanboutique.de) wird betrieben von Nilan Boutique, eingetragen als Einzelunternehmen in Deutschland. [&hellip;]<\/p>\n","protected":false},"author":1,"featured_media":0,"parent":0,"menu_order":0,"comment_status":"closed","ping_status":"closed","template":"","meta":{"site-sidebar-layout":"default","site-content-layout":"","ast-site-content-layout":"default","site-content-style":"default","site-sidebar-style":"default","ast-global-header-display":"","ast-banner-title-visibility":"","ast-main-header-display":"","ast-hfb-above-header-display":"","ast-hfb-below-header-display":"","ast-hfb-mobile-header-display":"","site-post-title":"","ast-breadcrumbs-content":"","ast-featured-img":"","footer-sml-layout":"","ast-disable-related-posts":"","theme-transparent-header-meta":"disabled","adv-header-id-meta":"","stick-header-meta":"","header-above-stick-meta":"","header-main-stick-meta":"","header-below-stick-meta":"","astra-migrate-meta-layouts":"default","ast-page-background-enabled":"default","ast-page-background-meta":{"desktop":{"background-color":"var(--ast-global-color-5)","background-image":"","background-repeat":"repeat","background-position":"center center","background-size":"auto","background-attachment":"scroll","background-type":"","background-media":"","overlay-type":"","overlay-color":"","overlay-opacity":"","overlay-gradient":""},"tablet":{"background-color":"","background-image":"","background-repeat":"repeat","background-position":"center center","background-size":"auto","background-attachment":"scroll","background-type":"","background-media":"","overlay-type":"","overlay-color":"","overlay-opacity":"","overlay-gradient":""},"mobile":{"background-color":"","background-image":"","background-repeat":"repeat","background-position":"center center","background-size":"auto","background-attachment":"scroll","background-type":"","background-media":"","overlay-type":"","overlay-color":"","overlay-opacity":"","overlay-gradient":""}},"ast-content-background-meta":{"desktop":{"background-color":"var(--ast-global-color-4)","background-image":"","background-repeat":"repeat","background-position":"center center","background-size":"auto","background-attachment":"scroll","background-type":"","background-media":"","overlay-type":"","overlay-color":"","overlay-opacity":"","overlay-gradient":""},"tablet":{"background-color":"var(--ast-global-color-4)","background-image":"","background-repeat":"repeat","background-position":"center center","background-size":"auto","background-attachment":"scroll","background-type":"","background-media":"","overlay-type":"","overlay-color":"","overlay-opacity":"","overlay-gradient":""},"mobile":{"background-color":"var(--ast-global-color-4)","background-image":"","background-repeat":"repeat","background-position":"center center","background-size":"auto","background-attachment":"scroll","background-type":"","background-media":"","overlay-type":"","overlay-color":"","overlay-opacity":"","overlay-gradient":""}},"footnotes":""},"class_list":["post-1596","page","type-page","status-publish","hentry"],"_links":{"self":[{"href":"https:\/\/nilanboutique.de\/de\/wp-json\/wp\/v2\/pages\/1596","targetHints":{"allow":["GET"]}}],"collection":[{"href":"https:\/\/nilanboutique.de\/de\/wp-json\/wp\/v2\/pages"}],"about":[{"href":"https:\/\/nilanboutique.de\/de\/wp-json\/wp\/v2\/types\/page"}],"author":[{"embeddable":true,"href":"https:\/\/nilanboutique.de\/de\/wp-json\/wp\/v2\/users\/1"}],"replies":[{"embeddable":true,"href":"https:\/\/nilanboutique.de\/de\/wp-json\/wp\/v2\/comments?post=1596"}],"version-history":[{"count":17,"href":"https:\/\/nilanboutique.de\/de\/wp-json\/wp\/v2\/pages\/1596\/revisions"}],"predecessor-version":[{"id":1869,"href":"https:\/\/nilanboutique.de\/de\/wp-json\/wp\/v2\/pages\/1596\/revisions\/1869"}],"wp:attachment":[{"href":"https:\/\/nilanboutique.de\/de\/wp-json\/wp\/v2\/media?parent=1596"}],"curies":[{"name":"wp","href":"https:\/\/api.w.org\/{rel}","templated":true}]}}